{"id":8,"date":"2025-09-11T16:29:30","date_gmt":"2025-09-11T14:29:30","guid":{"rendered":"https:\/\/www.armyshop.wien\/?page_id=8"},"modified":"2025-11-12T07:31:57","modified_gmt":"2025-11-12T06:31:57","slug":"armyshop-wien","status":"publish","type":"page","link":"https:\/\/www.armyshop.wien\/","title":{"rendered":"Armyshop.wien"},"content":{"rendered":"\t\t<div data-elementor-type=\"wp-page\" data-elementor-id=\"8\" class=\"elementor elementor-8\" data-elementor-post-type=\"page\">\n\t\t\t\t<div class=\"elementor-element elementor-element-bbbc537 e-flex e-con-boxed e-con e-parent\" data-id=\"bbbc537\" data-element_type=\"container\" data-e-type=\"container\">\n\t\t\t\t\t<div class=\"e-con-inner\">\n\t\t\t\t<div class=\"elementor-element elementor-element-5402daa elementor-widget elementor-widget-text-editor\" data-id=\"5402daa\" data-element_type=\"widget\" data-e-type=\"widget\" data-widget_type=\"text-editor.default\">\n\t\t\t\t\t\t\t\t\t<h1 style=\"text-align: center;\">Army Shop Vienna \/ Alpha Industries Wien<\/h1><p style=\"text-align: center;\">Zieglergasse 1 1070 Wien Wien 7 (Neubau) Wien<br \/>Army Shops<\/p><p style=\"text-align: center;\"><a href=\"https:\/\/www.herold.at\/gelbe-seiten\/wien\/sFnXv\/army-shop-vienna-alpha-industries-wien\/\" target=\"_blank\" rel=\"noopener\">Unser Eintrag bei Herold<\/a><\/p>\t\t\t\t\t\t\t\t<\/div>\n\t\t\t\t<div class=\"elementor-element elementor-element-1310dde elementor-widget elementor-widget-text-editor\" data-id=\"1310dde\" data-element_type=\"widget\" data-e-type=\"widget\" data-widget_type=\"text-editor.default\">\n\t\t\t\t\t\t\t\t\t<p>Wir sind der gr\u00f6\u00dfte H\u00e4ndler im Bereich Milit\u00e4rausr\u00fcstung, Outdoor- und Freizeitbekleidung im Raum Wien und Umgebung. Als innovatives Unternehmen vertreiben wir ein breites, aber ausgew\u00e4hltes Sortiment f\u00fcr Abenteurer und die, die es noch werden wollen. Bei uns finden Sie eine gro\u00dfe Auswahl an Jacken, Hosen, T-Shirts, Pullover und Westen, aber auch Taschen, Rucks\u00e4cke, Stiefel und sonstige Ausr\u00fcstung geh\u00f6ren zu unserem Sortiment.\u00a0<\/p><p>In Sachen Farben geh\u00f6ren der Tarn- und Camouflage-Look ebenso zu unserer Palette wie klassische Erdt\u00f6ne und modische Farben. Mit unseren hochwertigen Marken Alpha Industries, Ben Sherman, Brandit, FlexFit, Lonsdale London, Magnum, Mil-Tec, Stapa, Vintage Industries, Walther und Vielen mehr liegen wir voll im Trend.<\/p>\t\t\t\t\t\t\t\t<\/div>\n\t\t<div class=\"elementor-element elementor-element-0ca7593 e-con-full e-flex e-con e-child\" data-id=\"0ca7593\" data-element_type=\"container\" data-e-type=\"container\">\n\t\t\t\t<div class=\"elementor-element elementor-element-fe4ff2b elementor-arrows-position-inside elementor-pagination-position-outside elementor-widget elementor-widget-image-carousel\" data-id=\"fe4ff2b\" data-element_type=\"widget\" data-e-type=\"widget\" data-settings=\"{&quot;slides_to_show&quot;:&quot;3&quot;,&quot;slides_to_scroll&quot;:&quot;1&quot;,&quot;lazyload&quot;:&quot;yes&quot;,&quot;navigation&quot;:&quot;both&quot;,&quot;autoplay&quot;:&quot;yes&quot;,&quot;pause_on_hover&quot;:&quot;yes&quot;,&quot;pause_on_interaction&quot;:&quot;yes&quot;,&quot;autoplay_speed&quot;:5000,&quot;infinite&quot;:&quot;yes&quot;,&quot;speed&quot;:500}\" data-widget_type=\"image-carousel.default\">\n\t\t\t\t\t\t\t<div class=\"elementor-image-carousel-wrapper swiper\" role=\"region\" aria-roledescription=\"carousel\" aria-label=\"Image Carousel\" dir=\"ltr\">\n\t\t\t<div class=\"elementor-image-carousel swiper-wrapper\" aria-live=\"off\">\n\t\t\t\t\t\t\t\t<div class=\"swiper-slide\" role=\"group\" aria-roledescription=\"slide\" aria-label=\"1 of 13\"><figure class=\"swiper-slide-inner\"><img class=\"swiper-slide-image swiper-lazy\" data-src=\"https:\/\/www.armyshop.wien\/wp-content\/uploads\/2025\/11\/Alpha-industires-150x150.png\" alt=\"Alpha industires\" \/><div class=\"swiper-lazy-preloader\"><\/div><\/figure><\/div><div class=\"swiper-slide\" role=\"group\" aria-roledescription=\"slide\" aria-label=\"2 of 13\"><figure class=\"swiper-slide-inner\"><img class=\"swiper-slide-image swiper-lazy\" data-src=\"https:\/\/www.armyshop.wien\/wp-content\/uploads\/2025\/11\/aeronautica-militare-150x150.png\" alt=\"aeronautica militare\" \/><div class=\"swiper-lazy-preloader\"><\/div><\/figure><\/div><div class=\"swiper-slide\" role=\"group\" aria-roledescription=\"slide\" aria-label=\"3 of 13\"><figure class=\"swiper-slide-inner\"><img class=\"swiper-slide-image swiper-lazy\" data-src=\"https:\/\/www.armyshop.wien\/wp-content\/uploads\/2025\/11\/Bundesheer-150x150.png\" alt=\"Bundesheer\" \/><div class=\"swiper-lazy-preloader\"><\/div><\/figure><\/div><div class=\"swiper-slide\" role=\"group\" aria-roledescription=\"slide\" aria-label=\"4 of 13\"><figure class=\"swiper-slide-inner\"><img class=\"swiper-slide-image swiper-lazy\" data-src=\"https:\/\/www.armyshop.wien\/wp-content\/uploads\/2025\/11\/Walther-150x150.png\" alt=\"Walther\" \/><div class=\"swiper-lazy-preloader\"><\/div><\/figure><\/div><div class=\"swiper-slide\" role=\"group\" aria-roledescription=\"slide\" aria-label=\"5 of 13\"><figure class=\"swiper-slide-inner\"><img class=\"swiper-slide-image swiper-lazy\" data-src=\"https:\/\/www.armyshop.wien\/wp-content\/uploads\/2025\/11\/Brandit-150x150.png\" alt=\"Brandit\" \/><div class=\"swiper-lazy-preloader\"><\/div><\/figure><\/div><div class=\"swiper-slide\" role=\"group\" aria-roledescription=\"slide\" aria-label=\"6 of 13\"><figure class=\"swiper-slide-inner\"><img class=\"swiper-slide-image swiper-lazy\" data-src=\"https:\/\/www.armyshop.wien\/wp-content\/uploads\/2025\/11\/Lonsdale-150x150.png\" alt=\"Lonsdale\" \/><div class=\"swiper-lazy-preloader\"><\/div><\/figure><\/div><div class=\"swiper-slide\" role=\"group\" aria-roledescription=\"slide\" aria-label=\"7 of 13\"><figure class=\"swiper-slide-inner\"><img class=\"swiper-slide-image swiper-lazy\" data-src=\"https:\/\/www.armyshop.wien\/wp-content\/uploads\/2025\/11\/Mil-Tec-150x150.png\" alt=\"Mil-Tec\" \/><div class=\"swiper-lazy-preloader\"><\/div><\/figure><\/div><div class=\"swiper-slide\" role=\"group\" aria-roledescription=\"slide\" aria-label=\"8 of 13\"><figure class=\"swiper-slide-inner\"><img class=\"swiper-slide-image swiper-lazy\" data-src=\"https:\/\/www.armyshop.wien\/wp-content\/uploads\/2025\/11\/M-F-H-150x150.png\" alt=\"M F H\" \/><div class=\"swiper-lazy-preloader\"><\/div><\/figure><\/div><div class=\"swiper-slide\" role=\"group\" aria-roledescription=\"slide\" aria-label=\"9 of 13\"><figure class=\"swiper-slide-inner\"><img class=\"swiper-slide-image swiper-lazy\" data-src=\"https:\/\/www.armyshop.wien\/wp-content\/uploads\/2025\/11\/Ben-Sherman-150x150.png\" alt=\"Ben Sherman\" \/><div class=\"swiper-lazy-preloader\"><\/div><\/figure><\/div><div class=\"swiper-slide\" role=\"group\" aria-roledescription=\"slide\" aria-label=\"10 of 13\"><figure class=\"swiper-slide-inner\"><img class=\"swiper-slide-image swiper-lazy\" data-src=\"https:\/\/www.armyshop.wien\/wp-content\/uploads\/2025\/11\/Lambretta-150x150.png\" alt=\"Lambretta\" \/><div class=\"swiper-lazy-preloader\"><\/div><\/figure><\/div><div class=\"swiper-slide\" role=\"group\" aria-roledescription=\"slide\" aria-label=\"11 of 13\"><figure class=\"swiper-slide-inner\"><img class=\"swiper-slide-image swiper-lazy\" data-src=\"https:\/\/www.armyshop.wien\/wp-content\/uploads\/2025\/11\/Vintage-Idustries-150x150.png\" alt=\"Vintage Idustries\" \/><div class=\"swiper-lazy-preloader\"><\/div><\/figure><\/div><div class=\"swiper-slide\" role=\"group\" aria-roledescription=\"slide\" aria-label=\"12 of 13\"><figure class=\"swiper-slide-inner\"><img class=\"swiper-slide-image swiper-lazy\" data-src=\"https:\/\/www.armyshop.wien\/wp-content\/uploads\/2025\/11\/Glock-150x150.png\" alt=\"Glock\" \/><div class=\"swiper-lazy-preloader\"><\/div><\/figure><\/div><div class=\"swiper-slide\" role=\"group\" aria-roledescription=\"slide\" aria-label=\"13 of 13\"><figure class=\"swiper-slide-inner\"><img class=\"swiper-slide-image swiper-lazy\" data-src=\"https:\/\/www.armyshop.wien\/wp-content\/uploads\/2025\/11\/Magnum-150x150.png\" alt=\"Magnum\" \/><div class=\"swiper-lazy-preloader\"><\/div><\/figure><\/div>\t\t\t<\/div>\n\t\t\t\t\t\t\t\t\t\t\t\t<div class=\"elementor-swiper-button elementor-swiper-button-prev\" role=\"button\" tabindex=\"0\">\n\t\t\t\t\t\t<svg aria-hidden=\"true\" class=\"e-font-icon-svg e-eicon-chevron-left\" viewBox=\"0 0 1000 1000\" xmlns=\"http:\/\/www.w3.org\/2000\/svg\"><path d=\"M646 125C629 125 613 133 604 142L308 442C296 454 292 471 292 487 292 504 296 521 308 533L604 854C617 867 629 875 646 875 663 875 679 871 692 858 704 846 713 829 713 812 713 796 708 779 692 767L438 487 692 225C700 217 708 204 708 187 708 171 704 154 692 142 675 129 663 125 646 125Z\"><\/path><\/svg>\t\t\t\t\t<\/div>\n\t\t\t\t\t<div class=\"elementor-swiper-button elementor-swiper-button-next\" role=\"button\" tabindex=\"0\">\n\t\t\t\t\t\t<svg aria-hidden=\"true\" class=\"e-font-icon-svg e-eicon-chevron-right\" viewBox=\"0 0 1000 1000\" xmlns=\"http:\/\/www.w3.org\/2000\/svg\"><path d=\"M696 533C708 521 713 504 713 487 713 471 708 454 696 446L400 146C388 133 375 125 354 125 338 125 325 129 313 142 300 154 292 171 292 187 292 204 296 221 308 233L563 492 304 771C292 783 288 800 288 817 288 833 296 850 308 863 321 871 338 875 354 875 371 875 388 867 400 854L696 533Z\"><\/path><\/svg>\t\t\t\t\t<\/div>\n\t\t\t\t\n\t\t\t\t\t\t\t\t\t<div class=\"swiper-pagination\"><\/div>\n\t\t\t\t\t\t\t\t\t<\/div>\n\t\t\t\t\t\t<\/div>\n\t\t\t\t<\/div>\n\t\t\t\t<div class=\"elementor-element elementor-element-b894957 elementor-widget elementor-widget-heading\" data-id=\"b894957\" data-element_type=\"widget\" data-e-type=\"widget\" data-widget_type=\"heading.default\">\n\t\t\t\t\t<h2 class=\"elementor-heading-title elementor-size-default\">Seite im Aufbau!<\/h2>\t\t\t\t<\/div>\n\t\t\t\t\t<\/div>\n\t\t\t\t<\/div>\n\t\t\t\t<\/div>\n\t\t","protected":false},"excerpt":{"rendered":"<p>Army Shop Vienna \/ Alpha Industries Wien Zieglergasse 1 1070 Wien Wien 7 (Neubau) WienArmy Shops Unser Eintrag bei Herold Wir sind der gr\u00f6\u00dfte H\u00e4ndler im Bereich Milit\u00e4rausr\u00fcstung, Outdoor- und Freizeitbekleidung im Raum Wien und Umgebung. Als innovatives Unternehmen vertreiben wir ein breites, aber ausgew\u00e4hltes Sortiment f\u00fcr Abenteurer und die, die es noch werden wollen.<\/p>\n<div class=\"more-link\">\n\t\t\t\t <a href=\"https:\/\/www.armyshop.wien\/\" class=\"theme-btn\"><span>Weiterlesen<\/span><\/a>\n\t\t\t<\/div>\n","protected":false},"author":1,"featured_media":0,"parent":0,"menu_order":0,"comment_status":"closed","ping_status":"closed","template":"","meta":{"footnotes":""},"class_list":["post-8","page","type-page","status-publish","hentry"],"yoast_head":"<!-- This site is optimized with the Yoast SEO plugin v26.9 - https:\/\/yoast.com\/product\/yoast-seo-wordpress\/ -->\n<title>Armyshop.wien - Armyshop Wien - Army Fashion und Streewear mit Qualit\u00e4t in Wien<\/title>\n<meta name=\"robots\" content=\"noindex, follow, max-snippet:-1, max-image-preview:large, max-video-preview:-1\" \/>\n<meta property=\"og:locale\" content=\"de_DE\" \/>\n<meta property=\"og:type\" content=\"article\" \/>\n<meta property=\"og:title\" content=\"Armyshop.wien - Armyshop Wien - Army Fashion und Streewear mit Qualit\u00e4t in Wien\" \/>\n<meta property=\"og:description\" content=\"Army Shop Vienna \/ Alpha Industries Wien Zieglergasse 1 1070 Wien Wien 7 (Neubau) WienArmy Shops Unser Eintrag bei Herold Wir sind der gr\u00f6\u00dfte H\u00e4ndler im Bereich Milit\u00e4rausr\u00fcstung, Outdoor- und Freizeitbekleidung im Raum Wien und Umgebung. Als innovatives Unternehmen vertreiben wir ein breites, aber ausgew\u00e4hltes Sortiment f\u00fcr Abenteurer und die, die es noch werden wollen.    Weiterlesen\" \/>\n<meta property=\"og:url\" content=\"https:\/\/www.armyshop.wien\/\" \/>\n<meta property=\"og:site_name\" content=\"Armyshop Wien - Army Fashion und Streewear mit Qualit\u00e4t in Wien\" \/>\n<meta property=\"article:modified_time\" content=\"2025-11-12T06:31:57+00:00\" \/>\n<meta property=\"og:image\" content=\"https:\/\/www.armyshop.wien\/wp-content\/uploads\/2025\/11\/Alpha-industires-150x150.png\" \/>\n<meta name=\"twitter:card\" content=\"summary_large_image\" \/>\n<meta name=\"twitter:label1\" content=\"Gesch\u00e4tzte Lesezeit\" \/>\n\t<meta name=\"twitter:data1\" content=\"5 Minuten\" \/>\n<script type=\"application\/ld+json\" class=\"yoast-schema-graph\">{\"@context\":\"https:\/\/schema.org\",\"@graph\":[{\"@type\":\"WebPage\",\"@id\":\"https:\/\/www.armyshop.wien\/\",\"url\":\"https:\/\/www.armyshop.wien\/\",\"name\":\"Armyshop.wien - Armyshop Wien - Army Fashion und Streewear mit Qualit\u00e4t in Wien\",\"isPartOf\":{\"@id\":\"https:\/\/www.armyshop.wien\/#website\"},\"primaryImageOfPage\":{\"@id\":\"https:\/\/www.armyshop.wien\/#primaryimage\"},\"image\":{\"@id\":\"https:\/\/www.armyshop.wien\/#primaryimage\"},\"thumbnailUrl\":\"https:\/\/www.armyshop.wien\/wp-content\/uploads\/2025\/11\/Alpha-industires-150x150.png\",\"datePublished\":\"2025-09-11T14:29:30+00:00\",\"dateModified\":\"2025-11-12T06:31:57+00:00\",\"breadcrumb\":{\"@id\":\"https:\/\/www.armyshop.wien\/#breadcrumb\"},\"inLanguage\":\"de-AT\",\"potentialAction\":[{\"@type\":\"ReadAction\",\"target\":[\"https:\/\/www.armyshop.wien\/\"]}]},{\"@type\":\"ImageObject\",\"inLanguage\":\"de-AT\",\"@id\":\"https:\/\/www.armyshop.wien\/#primaryimage\",\"url\":\"https:\/\/www.armyshop.wien\/wp-content\/uploads\/2025\/11\/Alpha-industires.png\",\"contentUrl\":\"https:\/\/www.armyshop.wien\/wp-content\/uploads\/2025\/11\/Alpha-industires.png\",\"width\":1024,\"height\":1024},{\"@type\":\"BreadcrumbList\",\"@id\":\"https:\/\/www.armyshop.wien\/#breadcrumb\",\"itemListElement\":[{\"@type\":\"ListItem\",\"position\":1,\"name\":\"Startseite\",\"item\":\"https:\/\/www.armyshop.wien\/\"},{\"@type\":\"ListItem\",\"position\":2,\"name\":\"Armyshop.wien\"}]},{\"@type\":\"WebSite\",\"@id\":\"https:\/\/www.armyshop.wien\/#website\",\"url\":\"https:\/\/www.armyshop.wien\/\",\"name\":\"Armyshop Wien - Army Fashion und Streewear mit Qualit\u00e4t in Wien\",\"description\":\"\",\"publisher\":{\"@id\":\"https:\/\/www.armyshop.wien\/#organization\"},\"potentialAction\":[{\"@type\":\"SearchAction\",\"target\":{\"@type\":\"EntryPoint\",\"urlTemplate\":\"https:\/\/www.armyshop.wien\/?s={search_term_string}\"},\"query-input\":{\"@type\":\"PropertyValueSpecification\",\"valueRequired\":true,\"valueName\":\"search_term_string\"}}],\"inLanguage\":\"de-AT\"},{\"@type\":\"Organization\",\"@id\":\"https:\/\/www.armyshop.wien\/#organization\",\"name\":\"Armyshop Wien - Army Fashion und Streewear mit Qualit\u00e4t in Wien\",\"url\":\"https:\/\/www.armyshop.wien\/\",\"logo\":{\"@type\":\"ImageObject\",\"inLanguage\":\"de-AT\",\"@id\":\"https:\/\/www.armyshop.wien\/#\/schema\/logo\/image\/\",\"url\":\"https:\/\/www.armyshop.wien\/wp-content\/uploads\/2025\/09\/Army-shop-vienna-scaled-e1757601097913.png\",\"contentUrl\":\"https:\/\/www.armyshop.wien\/wp-content\/uploads\/2025\/09\/Army-shop-vienna-scaled-e1757601097913.png\",\"width\":500,\"height\":58,\"caption\":\"Armyshop Wien - Army Fashion und Streewear mit Qualit\u00e4t in Wien\"},\"image\":{\"@id\":\"https:\/\/www.armyshop.wien\/#\/schema\/logo\/image\/\"}}]}<\/script>\n<!-- \/ Yoast SEO plugin. -->","yoast_head_json":{"title":"Armyshop.wien - Armyshop Wien - Army Fashion und Streewear mit Qualit\u00e4t in Wien","robots":{"index":"noindex","follow":"follow","max-snippet":"max-snippet:-1","max-image-preview":"max-image-preview:large","max-video-preview":"max-video-preview:-1"},"og_locale":"de_DE","og_type":"article","og_title":"Armyshop.wien - Armyshop Wien - Army Fashion und Streewear mit Qualit\u00e4t in Wien","og_description":"Army Shop Vienna \/ Alpha Industries Wien Zieglergasse 1 1070 Wien Wien 7 (Neubau) WienArmy Shops Unser Eintrag bei Herold Wir sind der gr\u00f6\u00dfte H\u00e4ndler im Bereich Milit\u00e4rausr\u00fcstung, Outdoor- und Freizeitbekleidung im Raum Wien und Umgebung. Als innovatives Unternehmen vertreiben wir ein breites, aber ausgew\u00e4hltes Sortiment f\u00fcr Abenteurer und die, die es noch werden wollen.    Weiterlesen","og_url":"https:\/\/www.armyshop.wien\/","og_site_name":"Armyshop Wien - Army Fashion und Streewear mit Qualit\u00e4t in Wien","article_modified_time":"2025-11-12T06:31:57+00:00","og_image":[{"url":"https:\/\/www.armyshop.wien\/wp-content\/uploads\/2025\/11\/Alpha-industires-150x150.png","type":"","width":"","height":""}],"twitter_card":"summary_large_image","twitter_misc":{"Gesch\u00e4tzte Lesezeit":"5 Minuten"},"schema":{"@context":"https:\/\/schema.org","@graph":[{"@type":"WebPage","@id":"https:\/\/www.armyshop.wien\/","url":"https:\/\/www.armyshop.wien\/","name":"Armyshop.wien - Armyshop Wien - Army Fashion und Streewear mit Qualit\u00e4t in Wien","isPartOf":{"@id":"https:\/\/www.armyshop.wien\/#website"},"primaryImageOfPage":{"@id":"https:\/\/www.armyshop.wien\/#primaryimage"},"image":{"@id":"https:\/\/www.armyshop.wien\/#primaryimage"},"thumbnailUrl":"https:\/\/www.armyshop.wien\/wp-content\/uploads\/2025\/11\/Alpha-industires-150x150.png","datePublished":"2025-09-11T14:29:30+00:00","dateModified":"2025-11-12T06:31:57+00:00","breadcrumb":{"@id":"https:\/\/www.armyshop.wien\/#breadcrumb"},"inLanguage":"de-AT","potentialAction":[{"@type":"ReadAction","target":["https:\/\/www.armyshop.wien\/"]}]},{"@type":"ImageObject","inLanguage":"de-AT","@id":"https:\/\/www.armyshop.wien\/#primaryimage","url":"https:\/\/www.armyshop.wien\/wp-content\/uploads\/2025\/11\/Alpha-industires.png","contentUrl":"https:\/\/www.armyshop.wien\/wp-content\/uploads\/2025\/11\/Alpha-industires.png","width":1024,"height":1024},{"@type":"BreadcrumbList","@id":"https:\/\/www.armyshop.wien\/#breadcrumb","itemListElement":[{"@type":"ListItem","position":1,"name":"Startseite","item":"https:\/\/www.armyshop.wien\/"},{"@type":"ListItem","position":2,"name":"Armyshop.wien"}]},{"@type":"WebSite","@id":"https:\/\/www.armyshop.wien\/#website","url":"https:\/\/www.armyshop.wien\/","name":"Armyshop Wien - Army Fashion und Streewear mit Qualit\u00e4t in Wien","description":"","publisher":{"@id":"https:\/\/www.armyshop.wien\/#organization"},"potentialAction":[{"@type":"SearchAction","target":{"@type":"EntryPoint","urlTemplate":"https:\/\/www.armyshop.wien\/?s={search_term_string}"},"query-input":{"@type":"PropertyValueSpecification","valueRequired":true,"valueName":"search_term_string"}}],"inLanguage":"de-AT"},{"@type":"Organization","@id":"https:\/\/www.armyshop.wien\/#organization","name":"Armyshop Wien - Army Fashion und Streewear mit Qualit\u00e4t in Wien","url":"https:\/\/www.armyshop.wien\/","logo":{"@type":"ImageObject","inLanguage":"de-AT","@id":"https:\/\/www.armyshop.wien\/#\/schema\/logo\/image\/","url":"https:\/\/www.armyshop.wien\/wp-content\/uploads\/2025\/09\/Army-shop-vienna-scaled-e1757601097913.png","contentUrl":"https:\/\/www.armyshop.wien\/wp-content\/uploads\/2025\/09\/Army-shop-vienna-scaled-e1757601097913.png","width":500,"height":58,"caption":"Armyshop Wien - Army Fashion und Streewear mit Qualit\u00e4t in Wien"},"image":{"@id":"https:\/\/www.armyshop.wien\/#\/schema\/logo\/image\/"}}]}},"_links":{"self":[{"href":"https:\/\/www.armyshop.wien\/index.php?rest_route=\/wp\/v2\/pages\/8","targetHints":{"allow":["GET"]}}],"collection":[{"href":"https:\/\/www.armyshop.wien\/index.php?rest_route=\/wp\/v2\/pages"}],"about":[{"href":"https:\/\/www.armyshop.wien\/index.php?rest_route=\/wp\/v2\/types\/page"}],"author":[{"embeddable":true,"href":"https:\/\/www.armyshop.wien\/index.php?rest_route=\/wp\/v2\/users\/1"}],"replies":[{"embeddable":true,"href":"https:\/\/www.armyshop.wien\/index.php?rest_route=%2Fwp%2Fv2%2Fcomments&post=8"}],"version-history":[{"count":16,"href":"https:\/\/www.armyshop.wien\/index.php?rest_route=\/wp\/v2\/pages\/8\/revisions"}],"predecessor-version":[{"id":68,"href":"https:\/\/www.armyshop.wien\/index.php?rest_route=\/wp\/v2\/pages\/8\/revisions\/68"}],"wp:attachment":[{"href":"https:\/\/www.armyshop.wien\/index.php?rest_route=%2Fwp%2Fv2%2Fmedia&parent=8"}],"curies":[{"name":"wp","href":"https:\/\/api.w.org\/{rel}","templated":true}]}}